{"id":4523,"date":"2015-10-19T04:23:53","date_gmt":"2015-10-19T04:23:53","guid":{"rendered":"https:\/\/educationwp.thimpress.com\/?page_id=12"},"modified":"2021-09-20T23:33:45","modified_gmt":"2021-09-20T23:33:45","slug":"home","status":"publish","type":"page","link":"https:\/\/www.discoverdigital.eu\/lms-cat\/","title":{"rendered":"Home"},"content":{"rendered":"<p>[vc_row full_width=&#8221;stretch_row_content_no_spaces&#8221;][vc_column][rev_slider_vc alias=&#8221;home-page&#8221;][\/vc_column][\/vc_row][vc_row el_class=&#8221;thim-best-industry&#8221; css=&#8221;.vc_custom_1620291152566{margin-right: -2px !important;margin-left: -2px !important;}&#8221;][vc_column css=&#8221;.vc_custom_1620291142283{margin-bottom: 30px !important;padding-right: 10px !important;padding-left: 10px !important;}&#8221;]<div class=\"thim-widget-icon-box template-base\"><div class=\"wrapper-box-icon has_custom_image has_read_more text-center overlay \"   data-text-readmore=\"#ffb606\"><div class=\"smicon-box iconbox-left\"><div class=\"boxes-icon\" style=\"width: 135px;\"><span class=\"inner-icon\"><span class=\"icon icon-images\"><img src=\"https:\/\/www.discoverdigital.eu\/lms-cat\/wp-content\/uploads\/2015\/10\/logo-top-2.png\" alt=\"logo-top-2\" title=\"logo-top-2\"  width=\"66\" height=\"51\"><\/span><\/span><\/div><div class=\"content-inner\"  style=\"width: calc( 100% - 135px - 15px);\"><div class=\"sc-heading article_heading\"><h2 class = \"heading__primary\" style=\"color: #ffffff;\">Simplement aneu al curs per comen\u00e7ar a aprendre ara. <\/h2><\/div><div class=\"desc-icon-box\"><div class=\"desc-content\" style=\"color: #ffffff;font-size: 14px;line-height: 21px;\">Si voleu un aprenentatge m\u00e9s personalitzat, inicieu sessi\u00f3 per fer un seguiment i aprendre al vostre ritme. Tamb\u00e9 rebr\u00e0 un certificat d\u2019acabament personalitzat <\/div><a class=\"smicon-read sc-btn\" target=\"_self\" href=\"https:\/\/discoverdigital.eu\/lms-cat\/courses\/discover-digital\/online-training\/\"  style=\"color: #ffb606;\" >Comenceu el curs en l\u00ednia <i class=\"fa fa-chevron-right\"><\/i><\/a><\/div><\/div><\/div><!--end smicon-box--><\/div><\/div>[\/vc_column][\/vc_row][vc_row css=&#8221;.vc_custom_1471791722105{margin-bottom: 100px !important;}&#8221;][vc_column]<div class=\"thim-widget-heading template-base\"><div class=\"sc_heading   text-left\"><h3 class=\"title\">Qu\u00e8 inclou? <\/h3><span style=\"background-color:#dd9933\" class=\"line\"><\/span><\/div><\/div>[vc_row_inner][vc_column_inner width=&#8221;1\/3&#8243;][vc_column_text]<\/p>\n<h4><span class=\"VIiyi\" lang=\"ca\"><span class=\"JLqJ4b ChMk0b\" data-language-for-alternatives=\"ca\" data-language-to-translate-into=\"en\" data-phrase-index=\"0\">6 m\u00f2duls<\/span><\/span><\/h4>\n<h4><span class=\"VIiyi\" lang=\"ca\"><span class=\"JLqJ4b ChMk0b\" data-language-for-alternatives=\"ca\" data-language-to-translate-into=\"en\" data-phrase-index=\"2\">6 visions generals de v\u00eddeo<\/span><\/span><\/h4>\n<h4><span class=\"VIiyi\" lang=\"ca\"><span class=\"JLqJ4b ChMk0b\" data-language-for-alternatives=\"ca\" data-language-to-translate-into=\"en\" data-phrase-index=\"4\">Lectura addicional<\/span><\/span><\/h4>\n<h4><span class=\"VIiyi\" lang=\"ca\"><span class=\"JLqJ4b ChMk0b\" data-language-for-alternatives=\"ca\" data-language-to-translate-into=\"en\" data-phrase-index=\"6\">Activitats i fulls de treball descarregables<\/span><\/span><\/h4>\n<p>[\/vc_column_text][\/vc_column_inner][vc_column_inner width=&#8221;1\/3&#8243;][vc_column_text]<\/p>\n<h3><span class=\"VIiyi\" lang=\"ca\"><span class=\"JLqJ4b ChMk0b\" data-language-for-alternatives=\"ca\" data-language-to-translate-into=\"en\" data-phrase-index=\"0\">Converteix-te en un usuari digital segur<\/span><\/span><\/h3>\n<p><span class=\"VIiyi\" lang=\"ca\"><span class=\"JLqJ4b ChMk0b\" data-language-for-alternatives=\"ca\" data-language-to-translate-into=\"en\" data-phrase-index=\"2\">Aprendr\u00e0s a desenvolupar, organitzar i lliurar el teu contingut docent mitjan\u00e7ant diversos m\u00e8todes digitals, guanyar\u00e0s coneixements i habilitats per provar nous m\u00e8todes d\u2019ensenyament i descobrir\u00e0s el que funciona millor per als teus aprenents.<\/span><\/span>[\/vc_column_text][\/vc_column_inner][vc_column_inner width=&#8221;1\/3&#8243;][vc_column_text]<\/p>\n<h4 class=\"J0lOec\"><span class=\"VIiyi\" lang=\"ca\"><span class=\"JLqJ4b ChMk0b\" data-language-for-alternatives=\"ca\" data-language-to-translate-into=\"en\" data-phrase-index=\"0\">Aprenents m\u00e9s compromesos<\/span><\/span><\/h4>\n<div class=\"J0lOec\"><span class=\"VIiyi\" lang=\"ca\"><span class=\"JLqJ4b ChMk0b\" data-language-for-alternatives=\"ca\" data-language-to-translate-into=\"en\" data-phrase-index=\"2\">Els vostres estudiants tamb\u00e9 obtindran habilitats digitals noves i millorades, es beneficiaran de m\u00e8todes d\u2019ensenyament m\u00e9s rellevants.<\/span><\/span><\/div>\n<p>[\/vc_column_text][\/vc_column_inner][\/vc_row_inner][\/vc_column][\/vc_row][vc_row full_width=&#8221;stretch_row&#8221; content_placement=&#8221;bottom&#8221; parallax=&#8221;content-moving&#8221; parallax_image=&#8221;11396&#8243; parallax_speed_bg=&#8221;1.3&#8243; css=&#8221;.vc_custom_1617109456209{padding-top: 60px !important;padding-bottom: 150px !important;}&#8221;][vc_column][vc_row_inner][vc_column_inner]<div class=\"thim-widget-heading template-base\"><div class=\"sc_heading   text-center\"><h3 style=\"text-transform: uppercase;color:#ffffff;\" class=\"title\">Comenceu el curs en l\u00ednia avui mateix <\/h3><p class=\"sub-heading\" style=\"color:#ffffff;\">Les tecnologies digitals d\u2019aprenentatge tenen el poder d\u2019ampliar l\u2019acc\u00e9s i transformar l\u2019experi\u00e8ncia d\u2019aprenentatge d\u2019aquests grups, superant la manca de motivaci\u00f3 substituint els escenaris impersonals i jer\u00e0rquics de l\u2019aula per un aprenentatge flexible i personalitzat. <\/p><\/div><\/div>[\/vc_column_inner][\/vc_row_inner][vc_btn title=&#8221;Comenceu el curs en l\u00ednia &#8221; color=&#8221;sandy-brown&#8221; size=&#8221;lg&#8221; align=&#8221;center&#8221; i_icon_fontawesome=&#8221;fas fa-chalkboard-teacher&#8221; add_icon=&#8221;true&#8221; link=&#8221;url:https%3A%2F%2Fdiscoverdigital.eu%2Flms-cat%2Fcourses%2Fdiscover-digital%2Fonline-training%2F&#8221;][\/vc_column][\/vc_row]<\/p>\n","protected":false},"excerpt":{"rendered":"<p>[vc_row full_width=&#8221;stretch_row_content_no_spaces&#8221;][vc_column][rev_slider_vc alias=&#8221;home-page&#8221;][\/vc_column][\/vc_row][vc_row el_class=&#8221;thim-best-industry&#8221; css=&#8221;.vc_custom_1620291152566{margin-right: -2px !important;margin-left: -2px !important;}&#8221;][vc_column css=&#8221;.vc_custom_1620291142283{margin-bottom: 30px !important;padding-right: 10px !important;padding-left: 10px !important;}&#8221;][\/vc_column][\/vc_row][vc_row css=&#8221;.vc_custom_1471791722105{margin-bottom: 100px !important;}&#8221;][vc_column][vc_row_inner][vc_column_inner width=&#8221;1\/3&#8243;][vc_column_text] 6 m\u00f2duls 6 visions generals de v\u00eddeo Lectura addicional Activitats i fulls de treball descarregables [\/vc_column_text][\/vc_column_inner][vc_column_inner width=&#8221;1\/3&#8243;][vc_column_text] Converteix-te en un &hellip; <\/p>\n","protected":false},"author":2,"featured_media":0,"parent":0,"menu_order":0,"comment_status":"closed","ping_status":"closed","template":"page-templates\/homepage.php","meta":{"pmpro_default_level":0},"_links":{"self":[{"href":"https:\/\/www.discoverdigital.eu\/lms-cat\/wp-json\/wp\/v2\/pages\/4523"}],"collection":[{"href":"https:\/\/www.discoverdigital.eu\/lms-cat\/wp-json\/wp\/v2\/pages"}],"about":[{"href":"https:\/\/www.discoverdigital.eu\/lms-cat\/wp-json\/wp\/v2\/types\/page"}],"author":[{"embeddable":true,"href":"https:\/\/www.discoverdigital.eu\/lms-cat\/wp-json\/wp\/v2\/users\/2"}],"replies":[{"embeddable":true,"href":"https:\/\/www.discoverdigital.eu\/lms-cat\/wp-json\/wp\/v2\/comments?post=4523"}],"version-history":[{"count":28,"href":"https:\/\/www.discoverdigital.eu\/lms-cat\/wp-json\/wp\/v2\/pages\/4523\/revisions"}],"predecessor-version":[{"id":12146,"href":"https:\/\/www.discoverdigital.eu\/lms-cat\/wp-json\/wp\/v2\/pages\/4523\/revisions\/12146"}],"wp:attachment":[{"href":"https:\/\/www.discoverdigital.eu\/lms-cat\/wp-json\/wp\/v2\/media?parent=4523"}],"curies":[{"name":"wp","href":"https:\/\/api.w.org\/{rel}","templated":true}]}}